{"id":48,"date":"2017-04-11T21:18:17","date_gmt":"2017-04-11T20:18:17","guid":{"rendered":"http:\/\/expertitze.com\/?page_id=48"},"modified":"2017-04-11T21:39:40","modified_gmt":"2017-04-11T20:39:40","slug":"impressum","status":"publish","type":"page","link":"https:\/\/expertitze.com\/?page_id=48","title":{"rendered":"Impressum"},"content":{"rendered":"<p>experTitze GmbH<br \/>\nBahnhofstra\u00dfe 4 a<br \/>\n55268 Nieder-Olm<br \/>\nDeutschland<\/p>\n<p>Vertretungsberechtiger Gesch\u00e4ftsf\u00fchrer:\u00a0Dipl.-Ing. Claudia Titze<br \/>\nTelefon: 06136-7520871<br \/>\nE-Mail: info@expertitze.com<\/p>\n<p>Registergericht: Amtsgericht Mainz<br \/>\nRegisternummer: HRB 47014<br \/>\nUmsatzsteuer-Identifikationsnummer gem. \u00a7 27a UStG: DE 308518607<\/p>\n<p>Inhaltlich Verantwortlicher: Claudia Titze (Anschrift s.o.)<\/p>\n","protected":false},"excerpt":{"rendered":"<p>experTitze GmbH Bahnhofstra\u00dfe 4 a 55268 Nieder-Olm Deutschland Vertretungsberechtiger Gesch\u00e4ftsf\u00fchrer:\u00a0Dipl.-Ing. Claudia Titze Telefon: 06136-7520871 E-Mail: info@expertitze.com Registergericht: Amtsgericht Mainz Registernummer:<\/p>\n","protected":false},"author":1,"featured_media":0,"parent":0,"menu_order":0,"comment_status":"closed","ping_status":"closed","template":"","meta":{"colormag_page_container_layout":"default_layout","colormag_page_sidebar_layout":"default_layout","footnotes":""},"class_list":["post-48","page","type-page","status-publish","hentry"],"_links":{"self":[{"href":"https:\/\/expertitze.com\/index.php?rest_route=\/wp\/v2\/pages\/48","targetHints":{"allow":["GET"]}}],"collection":[{"href":"https:\/\/expertitze.com\/index.php?rest_route=\/wp\/v2\/pages"}],"about":[{"href":"https:\/\/expertitze.com\/index.php?rest_route=\/wp\/v2\/types\/page"}],"author":[{"embeddable":true,"href":"https:\/\/expertitze.com\/index.php?rest_route=\/wp\/v2\/users\/1"}],"replies":[{"embeddable":true,"href":"https:\/\/expertitze.com\/index.php?rest_route=%2Fwp%2Fv2%2Fcomments&post=48"}],"version-history":[{"count":3,"href":"https:\/\/expertitze.com\/index.php?rest_route=\/wp\/v2\/pages\/48\/revisions"}],"predecessor-version":[{"id":63,"href":"https:\/\/expertitze.com\/index.php?rest_route=\/wp\/v2\/pages\/48\/revisions\/63"}],"wp:attachment":[{"href":"https:\/\/expertitze.com\/index.php?rest_route=%2Fwp%2Fv2%2Fmedia&parent=48"}],"curies":[{"name":"wp","href":"https:\/\/api.w.org\/{rel}","templated":true}]}}